{"id":6471,"date":"2021-11-07T20:49:44","date_gmt":"2021-11-07T23:49:44","guid":{"rendered":"https:\/\/www.ascendeducation.com\/pt-br\/?post_type=product&#038;p=6471"},"modified":"2025-09-15T13:00:53","modified_gmt":"2025-09-15T16:00:53","slug":"windows-server-2019","status":"publish","type":"product","link":"https:\/\/ascendeducation.com\/pt-br\/produto\/windows-server-2019\/","title":{"rendered":"Windows Server 2019"},"content":{"rendered":"","protected":false},"excerpt":{"rendered":"<ul>\n<li>V\u00eddeos de \u00faltima gera\u00e7\u00e3o<\/li>\n<li>Acesso por 12 Meses<\/li>\n<li>Acesso a laborat\u00f3rios virtuais.<\/li>\n<li>Certificado de Conclus\u00e3o<\/li>\n<li>Material did\u00e1tico<\/li>\n<\/ul>\n","protected":false},"featured_media":5912,"template":"","meta":{"_monsterinsights_skip_tracking":false,"_monsterinsights_sitenote_active":false,"_monsterinsights_sitenote_note":"","_monsterinsights_sitenote_category":0,"_joinchat":[]},"product_brand":[],"product_cat":[78],"product_tag":[],"class_list":{"0":"post-6471","1":"product","2":"type-product","3":"status-publish","4":"has-post-thumbnail","6":"product_cat-produtos","7":"description-off","9":"first","10":"instock","11":"virtual","12":"purchasable","13":"product-type-simple"},"yoast_head":"<!-- This site is optimized with the Yoast SEO plugin v25.2 - https:\/\/yoast.com\/wordpress\/plugins\/seo\/ -->\n<title>Windows Server 2019 - Ascend Education<\/title>\n<meta name=\"robots\" content=\"index, follow, max-snippet:-1, max-image-preview:large, max-video-preview:-1\" \/>\n<link rel=\"canonical\" href=\"https:\/\/ascendeducation.com\/pt-br\/produto\/windows-server-2019\/\" \/>\n<meta property=\"og:locale\" content=\"en_US\" \/>\n<meta property=\"og:type\" content=\"article\" \/>\n<meta property=\"og:title\" content=\"Windows Server 2019 - Ascend Education\" \/>\n<meta property=\"og:description\" content=\"V\u00eddeos de \u00faltima gera\u00e7\u00e3o  Acesso por 12 Meses  Acesso a laborat\u00f3rios virtuais.  Certificado de Conclus\u00e3o  Material did\u00e1tico\" \/>\n<meta property=\"og:url\" content=\"https:\/\/ascendeducation.com\/pt-br\/produto\/windows-server-2019\/\" \/>\n<meta property=\"og:site_name\" content=\"Ascend Education\" \/>\n<meta property=\"article:modified_time\" content=\"2025-09-15T16:00:53+00:00\" \/>\n<meta property=\"og:image\" content=\"https:\/\/ascendeducation.com\/pt-br\/wp-content\/uploads\/2021\/10\/Microsoft-Square.png\" \/>\n\t<meta property=\"og:image:width\" content=\"319\" \/>\n\t<meta property=\"og:image:height\" content=\"334\" \/>\n\t<meta property=\"og:image:type\" content=\"image\/png\" \/>\n<meta name=\"twitter:card\" content=\"summary_large_image\" \/>\n<meta name=\"twitter:label1\" content=\"Est. reading time\" \/>\n\t<meta name=\"twitter:data1\" content=\"1 minute\" \/>\n<script type=\"application\/ld+json\" class=\"yoast-schema-graph\">{\"@context\":\"https:\/\/schema.org\",\"@graph\":[{\"@type\":\"WebPage\",\"@id\":\"https:\/\/ascendeducation.com\/pt-br\/produto\/windows-server-2019\/\",\"url\":\"https:\/\/ascendeducation.com\/pt-br\/produto\/windows-server-2019\/\",\"name\":\"Windows Server 2019 - Ascend Education\",\"isPartOf\":{\"@id\":\"https:\/\/ascendeducation.com\/pt-br\/#website\"},\"primaryImageOfPage\":{\"@id\":\"https:\/\/ascendeducation.com\/pt-br\/produto\/windows-server-2019\/#primaryimage\"},\"image\":{\"@id\":\"https:\/\/ascendeducation.com\/pt-br\/produto\/windows-server-2019\/#primaryimage\"},\"thumbnailUrl\":\"https:\/\/ascendeducation.com\/pt-br\/wp-content\/uploads\/2021\/10\/Microsoft-Square.png\",\"datePublished\":\"2021-11-07T23:49:44+00:00\",\"dateModified\":\"2025-09-15T16:00:53+00:00\",\"breadcrumb\":{\"@id\":\"https:\/\/ascendeducation.com\/pt-br\/produto\/windows-server-2019\/#breadcrumb\"},\"inLanguage\":\"en-US\",\"potentialAction\":[{\"@type\":\"ReadAction\",\"target\":[\"https:\/\/ascendeducation.com\/pt-br\/produto\/windows-server-2019\/\"]}]},{\"@type\":\"ImageObject\",\"inLanguage\":\"en-US\",\"@id\":\"https:\/\/ascendeducation.com\/pt-br\/produto\/windows-server-2019\/#primaryimage\",\"url\":\"https:\/\/ascendeducation.com\/pt-br\/wp-content\/uploads\/2021\/10\/Microsoft-Square.png\",\"contentUrl\":\"https:\/\/ascendeducation.com\/pt-br\/wp-content\/uploads\/2021\/10\/Microsoft-Square.png\",\"width\":319,\"height\":334},{\"@type\":\"BreadcrumbList\",\"@id\":\"https:\/\/ascendeducation.com\/pt-br\/produto\/windows-server-2019\/#breadcrumb\",\"itemListElement\":[{\"@type\":\"ListItem\",\"position\":1,\"name\":\"In\u00edcio\",\"item\":\"https:\/\/ascendeducation.com\/pt-br\/\"},{\"@type\":\"ListItem\",\"position\":2,\"name\":\"Produtos\",\"item\":\"https:\/\/ascendeducation.com\/pt-br\/shop\/\"},{\"@type\":\"ListItem\",\"position\":3,\"name\":\"Windows Server 2019\"}]},{\"@type\":\"WebSite\",\"@id\":\"https:\/\/ascendeducation.com\/pt-br\/#website\",\"url\":\"https:\/\/ascendeducation.com\/pt-br\/\",\"name\":\"Ascend Education\",\"description\":\"Brasil\",\"publisher\":{\"@id\":\"https:\/\/ascendeducation.com\/pt-br\/#organization\"},\"potentialAction\":[{\"@type\":\"SearchAction\",\"target\":{\"@type\":\"EntryPoint\",\"urlTemplate\":\"https:\/\/ascendeducation.com\/pt-br\/?s={search_term_string}\"},\"query-input\":{\"@type\":\"PropertyValueSpecification\",\"valueRequired\":true,\"valueName\":\"search_term_string\"}}],\"inLanguage\":\"en-US\"},{\"@type\":\"Organization\",\"@id\":\"https:\/\/ascendeducation.com\/pt-br\/#organization\",\"name\":\"Ascend Education\",\"url\":\"https:\/\/ascendeducation.com\/pt-br\/\",\"logo\":{\"@type\":\"ImageObject\",\"inLanguage\":\"en-US\",\"@id\":\"https:\/\/ascendeducation.com\/pt-br\/#\/schema\/logo\/image\/\",\"url\":\"https:\/\/www.ascendeducation.com\/pt-br\/wp-content\/uploads\/2021\/09\/AscendEducation-logo.png\",\"contentUrl\":\"https:\/\/www.ascendeducation.com\/pt-br\/wp-content\/uploads\/2021\/09\/AscendEducation-logo.png\",\"width\":1377,\"height\":500,\"caption\":\"Ascend Education\"},\"image\":{\"@id\":\"https:\/\/ascendeducation.com\/pt-br\/#\/schema\/logo\/image\/\"}}]}<\/script>\n<!-- \/ Yoast SEO plugin. -->","yoast_head_json":{"title":"Windows Server 2019 - Ascend Education","robots":{"index":"index","follow":"follow","max-snippet":"max-snippet:-1","max-image-preview":"max-image-preview:large","max-video-preview":"max-video-preview:-1"},"canonical":"https:\/\/ascendeducation.com\/pt-br\/produto\/windows-server-2019\/","og_locale":"en_US","og_type":"article","og_title":"Windows Server 2019 - Ascend Education","og_description":"V\u00eddeos de \u00faltima gera\u00e7\u00e3o  Acesso por 12 Meses  Acesso a laborat\u00f3rios virtuais.  Certificado de Conclus\u00e3o  Material did\u00e1tico","og_url":"https:\/\/ascendeducation.com\/pt-br\/produto\/windows-server-2019\/","og_site_name":"Ascend Education","article_modified_time":"2025-09-15T16:00:53+00:00","og_image":[{"width":319,"height":334,"url":"https:\/\/ascendeducation.com\/pt-br\/wp-content\/uploads\/2021\/10\/Microsoft-Square.png","type":"image\/png"}],"twitter_card":"summary_large_image","twitter_misc":{"Est. reading time":"1 minute"},"schema":{"@context":"https:\/\/schema.org","@graph":[{"@type":"WebPage","@id":"https:\/\/ascendeducation.com\/pt-br\/produto\/windows-server-2019\/","url":"https:\/\/ascendeducation.com\/pt-br\/produto\/windows-server-2019\/","name":"Windows Server 2019 - Ascend Education","isPartOf":{"@id":"https:\/\/ascendeducation.com\/pt-br\/#website"},"primaryImageOfPage":{"@id":"https:\/\/ascendeducation.com\/pt-br\/produto\/windows-server-2019\/#primaryimage"},"image":{"@id":"https:\/\/ascendeducation.com\/pt-br\/produto\/windows-server-2019\/#primaryimage"},"thumbnailUrl":"https:\/\/ascendeducation.com\/pt-br\/wp-content\/uploads\/2021\/10\/Microsoft-Square.png","datePublished":"2021-11-07T23:49:44+00:00","dateModified":"2025-09-15T16:00:53+00:00","breadcrumb":{"@id":"https:\/\/ascendeducation.com\/pt-br\/produto\/windows-server-2019\/#breadcrumb"},"inLanguage":"en-US","potentialAction":[{"@type":"ReadAction","target":["https:\/\/ascendeducation.com\/pt-br\/produto\/windows-server-2019\/"]}]},{"@type":"ImageObject","inLanguage":"en-US","@id":"https:\/\/ascendeducation.com\/pt-br\/produto\/windows-server-2019\/#primaryimage","url":"https:\/\/ascendeducation.com\/pt-br\/wp-content\/uploads\/2021\/10\/Microsoft-Square.png","contentUrl":"https:\/\/ascendeducation.com\/pt-br\/wp-content\/uploads\/2021\/10\/Microsoft-Square.png","width":319,"height":334},{"@type":"BreadcrumbList","@id":"https:\/\/ascendeducation.com\/pt-br\/produto\/windows-server-2019\/#breadcrumb","itemListElement":[{"@type":"ListItem","position":1,"name":"In\u00edcio","item":"https:\/\/ascendeducation.com\/pt-br\/"},{"@type":"ListItem","position":2,"name":"Produtos","item":"https:\/\/ascendeducation.com\/pt-br\/shop\/"},{"@type":"ListItem","position":3,"name":"Windows Server 2019"}]},{"@type":"WebSite","@id":"https:\/\/ascendeducation.com\/pt-br\/#website","url":"https:\/\/ascendeducation.com\/pt-br\/","name":"Ascend Education","description":"Brasil","publisher":{"@id":"https:\/\/ascendeducation.com\/pt-br\/#organization"},"potentialAction":[{"@type":"SearchAction","target":{"@type":"EntryPoint","urlTemplate":"https:\/\/ascendeducation.com\/pt-br\/?s={search_term_string}"},"query-input":{"@type":"PropertyValueSpecification","valueRequired":true,"valueName":"search_term_string"}}],"inLanguage":"en-US"},{"@type":"Organization","@id":"https:\/\/ascendeducation.com\/pt-br\/#organization","name":"Ascend Education","url":"https:\/\/ascendeducation.com\/pt-br\/","logo":{"@type":"ImageObject","inLanguage":"en-US","@id":"https:\/\/ascendeducation.com\/pt-br\/#\/schema\/logo\/image\/","url":"https:\/\/www.ascendeducation.com\/pt-br\/wp-content\/uploads\/2021\/09\/AscendEducation-logo.png","contentUrl":"https:\/\/www.ascendeducation.com\/pt-br\/wp-content\/uploads\/2021\/09\/AscendEducation-logo.png","width":1377,"height":500,"caption":"Ascend Education"},"image":{"@id":"https:\/\/ascendeducation.com\/pt-br\/#\/schema\/logo\/image\/"}}]}},"_links":{"self":[{"href":"https:\/\/ascendeducation.com\/pt-br\/wp-json\/wp\/v2\/product\/6471","targetHints":{"allow":["GET"]}}],"collection":[{"href":"https:\/\/ascendeducation.com\/pt-br\/wp-json\/wp\/v2\/product"}],"about":[{"href":"https:\/\/ascendeducation.com\/pt-br\/wp-json\/wp\/v2\/types\/product"}],"version-history":[{"count":2,"href":"https:\/\/ascendeducation.com\/pt-br\/wp-json\/wp\/v2\/product\/6471\/revisions"}],"predecessor-version":[{"id":9474,"href":"https:\/\/ascendeducation.com\/pt-br\/wp-json\/wp\/v2\/product\/6471\/revisions\/9474"}],"wp:featuredmedia":[{"embeddable":true,"href":"https:\/\/ascendeducation.com\/pt-br\/wp-json\/wp\/v2\/media\/5912"}],"wp:attachment":[{"href":"https:\/\/ascendeducation.com\/pt-br\/wp-json\/wp\/v2\/media?parent=6471"}],"wp:term":[{"taxonomy":"product_brand","embeddable":true,"href":"https:\/\/ascendeducation.com\/pt-br\/wp-json\/wp\/v2\/product_brand?post=6471"},{"taxonomy":"product_cat","embeddable":true,"href":"https:\/\/ascendeducation.com\/pt-br\/wp-json\/wp\/v2\/product_cat?post=6471"},{"taxonomy":"product_tag","embeddable":true,"href":"https:\/\/ascendeducation.com\/pt-br\/wp-json\/wp\/v2\/product_tag?post=6471"}],"curies":[{"name":"wp","href":"https:\/\/api.w.org\/{rel}","templated":true}]}}