{"id":8291,"date":"2022-02-13T19:39:54","date_gmt":"2022-02-13T22:39:54","guid":{"rendered":"https:\/\/www.ascendeducation.com\/pt-br\/?page_id=8291"},"modified":"2022-02-14T18:07:24","modified_gmt":"2022-02-14T21:07:24","slug":"sala-de-imprensa","status":"publish","type":"page","link":"https:\/\/ascendeducation.com\/pt-br\/sala-de-imprensa\/","title":{"rendered":"Sala de Imprensa"},"content":{"rendered":"\t\t<div data-elementor-type=\"wp-page\" data-elementor-id=\"8291\" class=\"elementor elementor-8291\" data-elementor-post-type=\"page\">\n\t\t\t\t\t\t<section class=\"elementor-section elementor-top-section elementor-element elementor-element-71d0890f elementor-section-boxed elementor-section-height-default elementor-section-height-default\" data-id=\"71d0890f\" data-element_type=\"section\" data-settings=\"{&quot;background_background&quot;:&quot;classic&quot;}\">\n\t\t\t\t\t\t<div class=\"elementor-container elementor-column-gap-wider\">\n\t\t\t\t\t<div class=\"elementor-column elementor-col-100 elementor-top-column elementor-element elementor-element-5d6472bd\" data-id=\"5d6472bd\" data-element_type=\"column\">\n\t\t\t<div class=\"elementor-widget-wrap elementor-element-populated\">\n\t\t\t\t\t\t<div class=\"elementor-element elementor-element-32921158 elementor-widget elementor-widget-heading\" data-id=\"32921158\" data-element_type=\"widget\" data-widget_type=\"heading.default\">\n\t\t\t\t\t<h2 class=\"elementor-heading-title elementor-size-default\">SALA DE IMPRENSA<\/h2>\t\t\t\t<\/div>\n\t\t\t\t\t<\/div>\n\t\t<\/div>\n\t\t\t\t\t<\/div>\n\t\t<\/section>\n\t\t\t\t<section class=\"elementor-section elementor-top-section elementor-element elementor-element-7f8352e elementor-section-boxed elementor-section-height-default elementor-section-height-default\" data-id=\"7f8352e\" data-element_type=\"section\">\n\t\t\t\t\t\t<div class=\"elementor-container elementor-column-gap-wider\">\n\t\t\t\t\t<div class=\"elementor-column elementor-col-100 elementor-top-column elementor-element elementor-element-0fc5dca\" data-id=\"0fc5dca\" data-element_type=\"column\">\n\t\t\t<div class=\"elementor-widget-wrap elementor-element-populated\">\n\t\t\t\t\t\t<div class=\"elementor-element elementor-element-d3c78a7 preserve-img-ratio-cover elementor-widget elementor-widget-the7_elements\" data-id=\"d3c78a7\" data-element_type=\"widget\" data-widget_type=\"the7_elements.default\">\n\t\t\t\t<div class=\"elementor-widget-container\">\n\t\t\t\t\t<div class=\"portfolio-shortcode the7-elementor-widget the7_elements-d3c78a7 mode-grid dt-css-grid-wrap classic-layout-list description-under-image content-bg-on resize-by-browser-width widget-with-filter loading-effect-none enable-pagination-scroll jquery-filter\" data-padding=\"40px\" data-mobile-columns-num=\"1\" data-tablet-columns-num=\"2\" data-desktop-columns-num=\"3\" data-wide-desktop-columns-num=\"3\" data-post-limit=\"6\" data-pagination-mode=\"pages\" data-scroll-offset=\"0\" aria-live=\"assertive\"><div class=\"dt-css-grid custom-pagination-handler\"><div class=\"visible wf-cell category-84\" data-post-id=\"9182\" data-date=\"2022-04-21T13:21:18-03:00\" data-name=\"Ascend Education forma profissionais para mercado em expans\u00e3o\"><article class=\"post visible post-9182 dt_portfolio type-dt_portfolio status-publish has-post-thumbnail hentry dt_portfolio_category-sala-de-imprensa\" data-name=\"Ascend Education forma profissionais para mercado em expans\u00e3o\" data-date=\"2022-04-21T13:21:18-03:00\">\n\n\t<div class=\"post-thumbnail-wrap\">\n\t\t<div class=\"post-thumbnail\">\n\n\t\t\t<a class=\"post-thumbnail-rollover layzr-bg img-css-resize-wrapper\" aria-label=\"Post image\" href=\"https:\/\/www.ascendeducation.com\/pt-br\/ascend-education-forma-profissionais-para-mercado-em-expansao\/\" target=\"_blank\"><img fetchpriority=\"high\" decoding=\"async\" width=\"1280\" height=\"853\" src=\"data:image\/svg+xml,%3Csvg%20xmlns%3D&#039;http%3A%2F%2Fwww.w3.org%2F2000%2Fsvg&#039;%20viewBox%3D&#039;0%200%201280%20853&#039;%2F%3E\" class=\"attachment-full size-full preload-me aspect lazy lazy-load\" alt=\"\" sizes=\"(max-width: 1280px) 100vw, 1280px\" style=\"--ratio: 1280 \/ 853;\" data-src=\"https:\/\/ascendeducation.com\/pt-br\/wp-content\/uploads\/2022\/02\/startup-g150f88f47_1280.jpg\" loading=\"eager\" data-srcset=\"https:\/\/ascendeducation.com\/pt-br\/wp-content\/uploads\/2022\/02\/startup-g150f88f47_1280.jpg 1280w, https:\/\/ascendeducation.com\/pt-br\/wp-content\/uploads\/2022\/02\/startup-g150f88f47_1280-900x600.jpg 900w, https:\/\/ascendeducation.com\/pt-br\/wp-content\/uploads\/2022\/02\/startup-g150f88f47_1280-1200x800.jpg 1200w\" \/><span class=\"the7-hover-icon\"><svg aria-hidden=\"true\" class=\"e-font-icon-svg e-fas-external-link-square-alt\" viewBox=\"0 0 448 512\" xmlns=\"http:\/\/www.w3.org\/2000\/svg\"><path d=\"M448 80v352c0 26.51-21.49 48-48 48H48c-26.51 0-48-21.49-48-48V80c0-26.51 21.49-48 48-48h352c26.51 0 48 21.49 48 48zm-88 16H248.029c-21.313 0-32.08 25.861-16.971 40.971l31.984 31.987L67.515 364.485c-4.686 4.686-4.686 12.284 0 16.971l31.029 31.029c4.687 4.686 12.285 4.686 16.971 0l195.526-195.526 31.988 31.991C358.058 263.977 384 253.425 384 231.979V120c0-13.255-10.745-24-24-24z\"><\/path><\/svg><\/span><\/a>\n\t\t<\/div>\n\t<\/div>\n\n\n<div class=\"post-entry-content\">\n\n\t<h3 class=\"ele-entry-title\"><a href=\"https:\/\/www.ascendeducation.com\/pt-br\/ascend-education-forma-profissionais-para-mercado-em-expansao\/\" target=\"_blank\" rel=\"bookmark\" title=\"Ascend Education forma profissionais para mercado em expans\u00e3o\">Ascend Education forma profissionais para mercado em expans\u00e3o<\/a><\/h3><div class=\"entry-meta\"><span class=\"meta-item data-link\"><time class=\"entry-date updated\" datetime=\"2022-04-21T13:21:18-03:00\">21\/04\/2022<\/time><\/span><\/div><a href=\"https:\/\/www.ascendeducation.com\/pt-br\/ascend-education-forma-profissionais-para-mercado-em-expansao\/\" target=\"_blank\" aria-label=\"Read more about Ascend Education forma profissionais para mercado em expans\u00e3o\" class=\"box-button elementor-button elementor-size-xs\">Leia Mais<\/a>\n<\/div><\/article><\/div><div class=\"visible wf-cell category-84\" data-post-id=\"8311\" data-date=\"2021-02-02T19:57:08-03:00\" data-name=\"Ascend Education faz parceria com a xtremelabs llc para lan\u00e7ar um inovador treinamento Microsoft\"><article class=\"post visible post-8311 dt_portfolio type-dt_portfolio status-publish has-post-thumbnail hentry dt_portfolio_category-sala-de-imprensa\" data-name=\"Ascend Education faz parceria com a xtremelabs llc para lan\u00e7ar um inovador treinamento Microsoft\" data-date=\"2021-02-02T19:57:08-03:00\">\n\n\t<div class=\"post-thumbnail-wrap\">\n\t\t<div class=\"post-thumbnail\">\n\n\t\t\t<a class=\"post-thumbnail-rollover layzr-bg img-css-resize-wrapper\" aria-label=\"Post image\" href=\"https:\/\/trainingindustry.com\/press-release\/it-and-technical-training\/ascend-education-partners-with-xtremelabs-llc-to-launch-innovative-microsoft-training\/\" target=\"_blank\"><img decoding=\"async\" width=\"686\" height=\"452\" src=\"data:image\/svg+xml,%3Csvg%20xmlns%3D&#039;http%3A%2F%2Fwww.w3.org%2F2000%2Fsvg&#039;%20viewBox%3D&#039;0%200%20686%20452&#039;%2F%3E\" class=\"attachment-full size-full preload-me aspect lazy lazy-load\" alt=\"\" style=\"--ratio: 686 \/ 452;\" data-src=\"https:\/\/ascendeducation.com\/pt-br\/wp-content\/uploads\/2021\/11\/montanha-verde-bone.png\" loading=\"eager\" \/><span class=\"the7-hover-icon\"><svg aria-hidden=\"true\" class=\"e-font-icon-svg e-fas-external-link-square-alt\" viewBox=\"0 0 448 512\" xmlns=\"http:\/\/www.w3.org\/2000\/svg\"><path d=\"M448 80v352c0 26.51-21.49 48-48 48H48c-26.51 0-48-21.49-48-48V80c0-26.51 21.49-48 48-48h352c26.51 0 48 21.49 48 48zm-88 16H248.029c-21.313 0-32.08 25.861-16.971 40.971l31.984 31.987L67.515 364.485c-4.686 4.686-4.686 12.284 0 16.971l31.029 31.029c4.687 4.686 12.285 4.686 16.971 0l195.526-195.526 31.988 31.991C358.058 263.977 384 253.425 384 231.979V120c0-13.255-10.745-24-24-24z\"><\/path><\/svg><\/span><\/a>\n\t\t<\/div>\n\t<\/div>\n\n\n<div class=\"post-entry-content\">\n\n\t<h3 class=\"ele-entry-title\"><a href=\"https:\/\/trainingindustry.com\/press-release\/it-and-technical-training\/ascend-education-partners-with-xtremelabs-llc-to-launch-innovative-microsoft-training\/\" target=\"_blank\" rel=\"bookmark\" title=\"Ascend Education faz parceria com a xtremelabs llc para lan\u00e7ar um inovador treinamento Microsoft\">Ascend Education faz parceria com a xtremelabs llc para lan\u00e7ar um inovador treinamento Microsoft<\/a><\/h3><div class=\"entry-meta\"><span class=\"meta-item data-link\"><time class=\"entry-date updated\" datetime=\"2021-02-02T19:57:08-03:00\">02\/02\/2021<\/time><\/span><\/div><a href=\"https:\/\/trainingindustry.com\/press-release\/it-and-technical-training\/ascend-education-partners-with-xtremelabs-llc-to-launch-innovative-microsoft-training\/\" target=\"_blank\" aria-label=\"Read more about Ascend Education faz parceria com a xtremelabs llc para lan\u00e7ar um inovador treinamento Microsoft\" class=\"box-button elementor-button elementor-size-xs\">Leia Mais<\/a>\n<\/div><\/article><\/div><div class=\"visible wf-cell category-84\" data-post-id=\"8323\" data-date=\"2019-10-13T20:06:12-03:00\" data-name=\"Ascend Education faz parceria com gigante de tecnologia da informa\u00e7\u00e3o do Brasil\"><article class=\"post visible post-8323 dt_portfolio type-dt_portfolio status-publish has-post-thumbnail hentry dt_portfolio_category-sala-de-imprensa\" data-name=\"Ascend Education faz parceria com gigante de tecnologia da informa\u00e7\u00e3o do Brasil\" data-date=\"2019-10-13T20:06:12-03:00\">\n\n\t<div class=\"post-thumbnail-wrap\">\n\t\t<div class=\"post-thumbnail\">\n\n\t\t\t<a class=\"post-thumbnail-rollover layzr-bg img-css-resize-wrapper\" aria-label=\"Post image\" href=\"https:\/\/business.utah.gov\/articles\/silicon-slopes-based-ascend-education-partners-with-brazils-information-technology-giant\/\" target=\"_blank\"><img decoding=\"async\" width=\"356\" height=\"220\" src=\"data:image\/svg+xml,%3Csvg%20xmlns%3D&#039;http%3A%2F%2Fwww.w3.org%2F2000%2Fsvg&#039;%20viewBox%3D&#039;0%200%20356%20220&#039;%2F%3E\" class=\"attachment-full size-full preload-me aspect lazy lazy-load\" alt=\"\" style=\"--ratio: 356 \/ 220;\" data-src=\"https:\/\/ascendeducation.com\/pt-br\/wp-content\/uploads\/2022\/02\/New-GOED-Logo.png\" loading=\"eager\" \/><span class=\"the7-hover-icon\"><svg aria-hidden=\"true\" class=\"e-font-icon-svg e-fas-external-link-square-alt\" viewBox=\"0 0 448 512\" xmlns=\"http:\/\/www.w3.org\/2000\/svg\"><path d=\"M448 80v352c0 26.51-21.49 48-48 48H48c-26.51 0-48-21.49-48-48V80c0-26.51 21.49-48 48-48h352c26.51 0 48 21.49 48 48zm-88 16H248.029c-21.313 0-32.08 25.861-16.971 40.971l31.984 31.987L67.515 364.485c-4.686 4.686-4.686 12.284 0 16.971l31.029 31.029c4.687 4.686 12.285 4.686 16.971 0l195.526-195.526 31.988 31.991C358.058 263.977 384 253.425 384 231.979V120c0-13.255-10.745-24-24-24z\"><\/path><\/svg><\/span><\/a>\n\t\t<\/div>\n\t<\/div>\n\n\n<div class=\"post-entry-content\">\n\n\t<h3 class=\"ele-entry-title\"><a href=\"https:\/\/business.utah.gov\/articles\/silicon-slopes-based-ascend-education-partners-with-brazils-information-technology-giant\/\" target=\"_blank\" rel=\"bookmark\" title=\"Ascend Education faz parceria com gigante de tecnologia da informa\u00e7\u00e3o do Brasil\">Ascend Education faz parceria com gigante de tecnologia da informa\u00e7\u00e3o do Brasil<\/a><\/h3><div class=\"entry-meta\"><span class=\"meta-item data-link\"><time class=\"entry-date updated\" datetime=\"2019-10-13T20:06:12-03:00\">13\/10\/2019<\/time><\/span><\/div><a href=\"https:\/\/business.utah.gov\/articles\/silicon-slopes-based-ascend-education-partners-with-brazils-information-technology-giant\/\" target=\"_blank\" aria-label=\"Read more about Ascend Education faz parceria com gigante de tecnologia da informa\u00e7\u00e3o do Brasil\" class=\"box-button elementor-button elementor-size-xs\">Leia Mais<\/a>\n<\/div><\/article><\/div><div class=\"visible wf-cell category-84\" data-post-id=\"8339\" data-date=\"2019-09-16T18:10:32-03:00\" data-name=\"Escola Superior de Redes assina acordos de coopera\u00e7\u00e3o para potencializar as oportunidades de capacita\u00e7\u00e3o \u00e0 dist\u00e2ncia\"><article class=\"post visible post-8339 dt_portfolio type-dt_portfolio status-publish has-post-thumbnail hentry dt_portfolio_category-sala-de-imprensa\" data-name=\"Escola Superior de Redes assina acordos de coopera\u00e7\u00e3o para potencializar as oportunidades de capacita\u00e7\u00e3o \u00e0 dist\u00e2ncia\" data-date=\"2019-09-16T18:10:32-03:00\">\n\n\t<div class=\"post-thumbnail-wrap\">\n\t\t<div class=\"post-thumbnail\">\n\n\t\t\t<a class=\"post-thumbnail-rollover layzr-bg img-css-resize-wrapper\" aria-label=\"Post image\" href=\"https:\/\/www.rnp.br\/es\/node\/5644\" target=\"_blank\"><img decoding=\"async\" width=\"2560\" height=\"1707\" src=\"data:image\/svg+xml,%3Csvg%20xmlns%3D&#039;http%3A%2F%2Fwww.w3.org%2F2000%2Fsvg&#039;%20viewBox%3D&#039;0%200%202560%201707&#039;%2F%3E\" class=\"attachment-full size-full preload-me aspect lazy lazy-load\" alt=\"\" sizes=\"(max-width: 2560px) 100vw, 2560px\" style=\"--ratio: 2560 \/ 1707;\" data-src=\"https:\/\/ascendeducation.com\/pt-br\/wp-content\/uploads\/2021\/11\/Instructor-on-computer-in-front-of-class-1-scaled.jpg\" loading=\"eager\" data-srcset=\"https:\/\/ascendeducation.com\/pt-br\/wp-content\/uploads\/2021\/11\/Instructor-on-computer-in-front-of-class-1-scaled.jpg 2560w, https:\/\/ascendeducation.com\/pt-br\/wp-content\/uploads\/2021\/11\/Instructor-on-computer-in-front-of-class-1-scaled-900x600.jpg 900w, https:\/\/ascendeducation.com\/pt-br\/wp-content\/uploads\/2021\/11\/Instructor-on-computer-in-front-of-class-1-scaled-1200x800.jpg 1200w\" \/><span class=\"the7-hover-icon\"><svg aria-hidden=\"true\" class=\"e-font-icon-svg e-fas-external-link-square-alt\" viewBox=\"0 0 448 512\" xmlns=\"http:\/\/www.w3.org\/2000\/svg\"><path d=\"M448 80v352c0 26.51-21.49 48-48 48H48c-26.51 0-48-21.49-48-48V80c0-26.51 21.49-48 48-48h352c26.51 0 48 21.49 48 48zm-88 16H248.029c-21.313 0-32.08 25.861-16.971 40.971l31.984 31.987L67.515 364.485c-4.686 4.686-4.686 12.284 0 16.971l31.029 31.029c4.687 4.686 12.285 4.686 16.971 0l195.526-195.526 31.988 31.991C358.058 263.977 384 253.425 384 231.979V120c0-13.255-10.745-24-24-24z\"><\/path><\/svg><\/span><\/a>\n\t\t<\/div>\n\t<\/div>\n\n\n<div class=\"post-entry-content\">\n\n\t<h3 class=\"ele-entry-title\"><a href=\"https:\/\/www.rnp.br\/es\/node\/5644\" target=\"_blank\" rel=\"bookmark\" title=\"Escola Superior de Redes assina acordos de coopera\u00e7\u00e3o para potencializar as oportunidades de capacita\u00e7\u00e3o \u00e0 dist\u00e2ncia\">Escola Superior de Redes assina acordos de coopera\u00e7\u00e3o para potencializar as oportunidades de capacita\u00e7\u00e3o \u00e0 dist\u00e2ncia<\/a><\/h3><div class=\"entry-meta\"><span class=\"meta-item data-link\"><time class=\"entry-date updated\" datetime=\"2019-09-16T18:10:32-03:00\">16\/09\/2019<\/time><\/span><\/div><a href=\"https:\/\/www.rnp.br\/es\/node\/5644\" target=\"_blank\" aria-label=\"Read more about Escola Superior de Redes assina acordos de coopera\u00e7\u00e3o para potencializar as oportunidades de capacita\u00e7\u00e3o \u00e0 dist\u00e2ncia\" class=\"box-button elementor-button elementor-size-xs\">Leia Mais<\/a>\n<\/div><\/article><\/div><div class=\"visible wf-cell category-84\" data-post-id=\"8337\" data-date=\"2019-09-11T18:09:41-03:00\" data-name=\"Escola Superior de Redes lan\u00e7a a ESR 3.0 e assina acordos de coopera\u00e7\u00e3o para potencializar as oportunidades de capacita\u00e7\u00e3o \u00e0 dist\u00e2ncia\"><article class=\"post visible post-8337 dt_portfolio type-dt_portfolio status-publish has-post-thumbnail hentry dt_portfolio_category-sala-de-imprensa\" data-name=\"Escola Superior de Redes lan\u00e7a a ESR 3.0 e assina acordos de coopera\u00e7\u00e3o para potencializar as oportunidades de capacita\u00e7\u00e3o \u00e0 dist\u00e2ncia\" data-date=\"2019-09-11T18:09:41-03:00\">\n\n\t<div class=\"post-thumbnail-wrap\">\n\t\t<div class=\"post-thumbnail\">\n\n\t\t\t<a class=\"post-thumbnail-rollover layzr-bg img-css-resize-wrapper\" aria-label=\"Post image\" href=\"https:\/\/www.segs.com.br\/educacao\/191177-escola-superior-de-redes-lanca-a-esr-3-0-e-assina-acordos-de-cooperacao-para-potencializar-as-oportunidades-de-capacitacao-a-distancia\" target=\"_blank\"><img decoding=\"async\" width=\"1280\" height=\"720\" src=\"data:image\/svg+xml,%3Csvg%20xmlns%3D&#039;http%3A%2F%2Fwww.w3.org%2F2000%2Fsvg&#039;%20viewBox%3D&#039;0%200%201280%20720&#039;%2F%3E\" class=\"attachment-full size-full preload-me aspect lazy lazy-load\" alt=\"\" sizes=\"(max-width: 1280px) 100vw, 1280px\" style=\"--ratio: 1280 \/ 720;\" data-src=\"https:\/\/ascendeducation.com\/pt-br\/wp-content\/uploads\/2021\/11\/cloud-computing-g30c6d1f54_1280.jpg\" loading=\"eager\" data-srcset=\"https:\/\/ascendeducation.com\/pt-br\/wp-content\/uploads\/2021\/11\/cloud-computing-g30c6d1f54_1280.jpg 1280w, https:\/\/ascendeducation.com\/pt-br\/wp-content\/uploads\/2021\/11\/cloud-computing-g30c6d1f54_1280-900x506.jpg 900w, https:\/\/ascendeducation.com\/pt-br\/wp-content\/uploads\/2021\/11\/cloud-computing-g30c6d1f54_1280-1200x675.jpg 1200w\" \/><span class=\"the7-hover-icon\"><svg aria-hidden=\"true\" class=\"e-font-icon-svg e-fas-external-link-square-alt\" viewBox=\"0 0 448 512\" xmlns=\"http:\/\/www.w3.org\/2000\/svg\"><path d=\"M448 80v352c0 26.51-21.49 48-48 48H48c-26.51 0-48-21.49-48-48V80c0-26.51 21.49-48 48-48h352c26.51 0 48 21.49 48 48zm-88 16H248.029c-21.313 0-32.08 25.861-16.971 40.971l31.984 31.987L67.515 364.485c-4.686 4.686-4.686 12.284 0 16.971l31.029 31.029c4.687 4.686 12.285 4.686 16.971 0l195.526-195.526 31.988 31.991C358.058 263.977 384 253.425 384 231.979V120c0-13.255-10.745-24-24-24z\"><\/path><\/svg><\/span><\/a>\n\t\t<\/div>\n\t<\/div>\n\n\n<div class=\"post-entry-content\">\n\n\t<h3 class=\"ele-entry-title\"><a href=\"https:\/\/www.segs.com.br\/educacao\/191177-escola-superior-de-redes-lanca-a-esr-3-0-e-assina-acordos-de-cooperacao-para-potencializar-as-oportunidades-de-capacitacao-a-distancia\" target=\"_blank\" rel=\"bookmark\" title=\"Escola Superior de Redes lan\u00e7a a ESR 3.0 e assina acordos de coopera\u00e7\u00e3o para potencializar as oportunidades de capacita\u00e7\u00e3o \u00e0 dist\u00e2ncia\">Escola Superior de Redes lan\u00e7a a ESR 3.0 e assina acordos de coopera\u00e7\u00e3o para potencializar as oportunidades de capacita\u00e7\u00e3o \u00e0 dist\u00e2ncia<\/a><\/h3><div class=\"entry-meta\"><span class=\"meta-item data-link\"><time class=\"entry-date updated\" datetime=\"2019-09-11T18:09:41-03:00\">11\/09\/2019<\/time><\/span><\/div><a href=\"https:\/\/www.segs.com.br\/educacao\/191177-escola-superior-de-redes-lanca-a-esr-3-0-e-assina-acordos-de-cooperacao-para-potencializar-as-oportunidades-de-capacitacao-a-distancia\" target=\"_blank\" aria-label=\"Read more about Escola Superior de Redes lan\u00e7a a ESR 3.0 e assina acordos de coopera\u00e7\u00e3o para potencializar as oportunidades de capacita\u00e7\u00e3o \u00e0 dist\u00e2ncia\" class=\"box-button elementor-button elementor-size-xs\">Leia Mais<\/a>\n<\/div><\/article><\/div><\/div><!-- iso-container|iso-grid --><div class=\"paginator filter-decorations filter-pointer-underline filter-animation-fade\" role=\"navigation\"><\/div><\/div>\t\t\t\t<\/div>\n\t\t\t\t<\/div>\n\t\t\t\t\t<\/div>\n\t\t<\/div>\n\t\t\t\t\t<\/div>\n\t\t<\/section>\n\t\t\t\t<\/div>\n\t\t","protected":false},"excerpt":{"rendered":"<p>SALA DE IMPRENSA Ascend Education faz parceria com gigante de tecnologia da informa\u00e7\u00e3o do Brasil 13\/02\/2022Leia Mais Ascend Education faz parceria com a xtremelabs llc para lan\u00e7ar um inovador treinamento Microsoft 13\/02\/2022Leia Mais<\/p>\n","protected":false},"author":10,"featured_media":0,"parent":0,"menu_order":60,"comment_status":"closed","ping_status":"closed","template":"elementor_header_footer","meta":{"_monsterinsights_skip_tracking":false,"_monsterinsights_sitenote_active":false,"_monsterinsights_sitenote_note":"","_monsterinsights_sitenote_category":0,"_joinchat":[],"footnotes":""},"class_list":["post-8291","page","type-page","status-publish","hentry"],"yoast_head":"<!-- This site is optimized with the Yoast SEO plugin v25.2 - https:\/\/yoast.com\/wordpress\/plugins\/seo\/ -->\n<title>Sala de Imprensa - Ascend Education<\/title>\n<meta name=\"robots\" content=\"index, follow, max-snippet:-1, max-image-preview:large, max-video-preview:-1\" \/>\n<link rel=\"canonical\" href=\"https:\/\/ascendeducation.com\/pt-br\/sala-de-imprensa\/\" \/>\n<meta property=\"og:locale\" content=\"en_US\" \/>\n<meta property=\"og:type\" content=\"article\" \/>\n<meta property=\"og:title\" content=\"Sala de Imprensa - Ascend Education\" \/>\n<meta property=\"og:description\" content=\"SALA DE IMPRENSA Ascend Education faz parceria com gigante de tecnologia da informa\u00e7\u00e3o do Brasil 13\/02\/2022Leia Mais Ascend Education faz parceria com a xtremelabs llc para lan\u00e7ar um inovador treinamento Microsoft 13\/02\/2022Leia Mais\" \/>\n<meta property=\"og:url\" content=\"https:\/\/ascendeducation.com\/pt-br\/sala-de-imprensa\/\" \/>\n<meta property=\"og:site_name\" content=\"Ascend Education\" \/>\n<meta property=\"article:modified_time\" content=\"2022-02-14T21:07:24+00:00\" \/>\n<meta name=\"twitter:card\" content=\"summary_large_image\" \/>\n<script type=\"application\/ld+json\" class=\"yoast-schema-graph\">{\"@context\":\"https:\/\/schema.org\",\"@graph\":[{\"@type\":\"WebPage\",\"@id\":\"https:\/\/ascendeducation.com\/pt-br\/sala-de-imprensa\/\",\"url\":\"https:\/\/ascendeducation.com\/pt-br\/sala-de-imprensa\/\",\"name\":\"Sala de Imprensa - Ascend Education\",\"isPartOf\":{\"@id\":\"https:\/\/ascendeducation.com\/pt-br\/#website\"},\"datePublished\":\"2022-02-13T22:39:54+00:00\",\"dateModified\":\"2022-02-14T21:07:24+00:00\",\"breadcrumb\":{\"@id\":\"https:\/\/ascendeducation.com\/pt-br\/sala-de-imprensa\/#breadcrumb\"},\"inLanguage\":\"en-US\",\"potentialAction\":[{\"@type\":\"ReadAction\",\"target\":[\"https:\/\/ascendeducation.com\/pt-br\/sala-de-imprensa\/\"]}]},{\"@type\":\"BreadcrumbList\",\"@id\":\"https:\/\/ascendeducation.com\/pt-br\/sala-de-imprensa\/#breadcrumb\",\"itemListElement\":[{\"@type\":\"ListItem\",\"position\":1,\"name\":\"In\u00edcio\",\"item\":\"https:\/\/ascendeducation.com\/pt-br\/\"},{\"@type\":\"ListItem\",\"position\":2,\"name\":\"Sala de Imprensa\"}]},{\"@type\":\"WebSite\",\"@id\":\"https:\/\/ascendeducation.com\/pt-br\/#website\",\"url\":\"https:\/\/ascendeducation.com\/pt-br\/\",\"name\":\"Ascend Education\",\"description\":\"Brasil\",\"publisher\":{\"@id\":\"https:\/\/ascendeducation.com\/pt-br\/#organization\"},\"potentialAction\":[{\"@type\":\"SearchAction\",\"target\":{\"@type\":\"EntryPoint\",\"urlTemplate\":\"https:\/\/ascendeducation.com\/pt-br\/?s={search_term_string}\"},\"query-input\":{\"@type\":\"PropertyValueSpecification\",\"valueRequired\":true,\"valueName\":\"search_term_string\"}}],\"inLanguage\":\"en-US\"},{\"@type\":\"Organization\",\"@id\":\"https:\/\/ascendeducation.com\/pt-br\/#organization\",\"name\":\"Ascend Education\",\"url\":\"https:\/\/ascendeducation.com\/pt-br\/\",\"logo\":{\"@type\":\"ImageObject\",\"inLanguage\":\"en-US\",\"@id\":\"https:\/\/ascendeducation.com\/pt-br\/#\/schema\/logo\/image\/\",\"url\":\"https:\/\/www.ascendeducation.com\/pt-br\/wp-content\/uploads\/2021\/09\/AscendEducation-logo.png\",\"contentUrl\":\"https:\/\/www.ascendeducation.com\/pt-br\/wp-content\/uploads\/2021\/09\/AscendEducation-logo.png\",\"width\":1377,\"height\":500,\"caption\":\"Ascend Education\"},\"image\":{\"@id\":\"https:\/\/ascendeducation.com\/pt-br\/#\/schema\/logo\/image\/\"}}]}<\/script>\n<!-- \/ Yoast SEO plugin. -->","yoast_head_json":{"title":"Sala de Imprensa - Ascend Education","robots":{"index":"index","follow":"follow","max-snippet":"max-snippet:-1","max-image-preview":"max-image-preview:large","max-video-preview":"max-video-preview:-1"},"canonical":"https:\/\/ascendeducation.com\/pt-br\/sala-de-imprensa\/","og_locale":"en_US","og_type":"article","og_title":"Sala de Imprensa - Ascend Education","og_description":"SALA DE IMPRENSA Ascend Education faz parceria com gigante de tecnologia da informa\u00e7\u00e3o do Brasil 13\/02\/2022Leia Mais Ascend Education faz parceria com a xtremelabs llc para lan\u00e7ar um inovador treinamento Microsoft 13\/02\/2022Leia Mais","og_url":"https:\/\/ascendeducation.com\/pt-br\/sala-de-imprensa\/","og_site_name":"Ascend Education","article_modified_time":"2022-02-14T21:07:24+00:00","twitter_card":"summary_large_image","schema":{"@context":"https:\/\/schema.org","@graph":[{"@type":"WebPage","@id":"https:\/\/ascendeducation.com\/pt-br\/sala-de-imprensa\/","url":"https:\/\/ascendeducation.com\/pt-br\/sala-de-imprensa\/","name":"Sala de Imprensa - Ascend Education","isPartOf":{"@id":"https:\/\/ascendeducation.com\/pt-br\/#website"},"datePublished":"2022-02-13T22:39:54+00:00","dateModified":"2022-02-14T21:07:24+00:00","breadcrumb":{"@id":"https:\/\/ascendeducation.com\/pt-br\/sala-de-imprensa\/#breadcrumb"},"inLanguage":"en-US","potentialAction":[{"@type":"ReadAction","target":["https:\/\/ascendeducation.com\/pt-br\/sala-de-imprensa\/"]}]},{"@type":"BreadcrumbList","@id":"https:\/\/ascendeducation.com\/pt-br\/sala-de-imprensa\/#breadcrumb","itemListElement":[{"@type":"ListItem","position":1,"name":"In\u00edcio","item":"https:\/\/ascendeducation.com\/pt-br\/"},{"@type":"ListItem","position":2,"name":"Sala de Imprensa"}]},{"@type":"WebSite","@id":"https:\/\/ascendeducation.com\/pt-br\/#website","url":"https:\/\/ascendeducation.com\/pt-br\/","name":"Ascend Education","description":"Brasil","publisher":{"@id":"https:\/\/ascendeducation.com\/pt-br\/#organization"},"potentialAction":[{"@type":"SearchAction","target":{"@type":"EntryPoint","urlTemplate":"https:\/\/ascendeducation.com\/pt-br\/?s={search_term_string}"},"query-input":{"@type":"PropertyValueSpecification","valueRequired":true,"valueName":"search_term_string"}}],"inLanguage":"en-US"},{"@type":"Organization","@id":"https:\/\/ascendeducation.com\/pt-br\/#organization","name":"Ascend Education","url":"https:\/\/ascendeducation.com\/pt-br\/","logo":{"@type":"ImageObject","inLanguage":"en-US","@id":"https:\/\/ascendeducation.com\/pt-br\/#\/schema\/logo\/image\/","url":"https:\/\/www.ascendeducation.com\/pt-br\/wp-content\/uploads\/2021\/09\/AscendEducation-logo.png","contentUrl":"https:\/\/www.ascendeducation.com\/pt-br\/wp-content\/uploads\/2021\/09\/AscendEducation-logo.png","width":1377,"height":500,"caption":"Ascend Education"},"image":{"@id":"https:\/\/ascendeducation.com\/pt-br\/#\/schema\/logo\/image\/"}}]}},"_links":{"self":[{"href":"https:\/\/ascendeducation.com\/pt-br\/wp-json\/wp\/v2\/pages\/8291","targetHints":{"allow":["GET"]}}],"collection":[{"href":"https:\/\/ascendeducation.com\/pt-br\/wp-json\/wp\/v2\/pages"}],"about":[{"href":"https:\/\/ascendeducation.com\/pt-br\/wp-json\/wp\/v2\/types\/page"}],"author":[{"embeddable":true,"href":"https:\/\/ascendeducation.com\/pt-br\/wp-json\/wp\/v2\/users\/10"}],"replies":[{"embeddable":true,"href":"https:\/\/ascendeducation.com\/pt-br\/wp-json\/wp\/v2\/comments?post=8291"}],"version-history":[{"count":26,"href":"https:\/\/ascendeducation.com\/pt-br\/wp-json\/wp\/v2\/pages\/8291\/revisions"}],"predecessor-version":[{"id":9181,"href":"https:\/\/ascendeducation.com\/pt-br\/wp-json\/wp\/v2\/pages\/8291\/revisions\/9181"}],"wp:attachment":[{"href":"https:\/\/ascendeducation.com\/pt-br\/wp-json\/wp\/v2\/media?parent=8291"}],"curies":[{"name":"wp","href":"https:\/\/api.w.org\/{rel}","templated":true}]}}