{"id":6812,"date":"2021-11-15T14:29:40","date_gmt":"2021-11-15T17:29:40","guid":{"rendered":"https:\/\/www.ascendeducation.com\/pt-br\/?page_id=6812"},"modified":"2021-11-15T14:33:55","modified_gmt":"2021-11-15T17:33:55","slug":"politica-de-cancelamento-de-assinatura","status":"publish","type":"page","link":"https:\/\/ascendeducation.com\/pt-br\/politica-de-cancelamento-de-assinatura\/","title":{"rendered":"Pol\u00edtica De Cancelamento De Assinatura"},"content":{"rendered":"\t\t<div data-elementor-type=\"wp-page\" data-elementor-id=\"6812\" class=\"elementor elementor-6812\" data-elementor-post-type=\"page\">\n\t\t\t\t\t\t<section class=\"elementor-section elementor-top-section elementor-element elementor-element-f8e64ea elementor-section-boxed elementor-section-height-default elementor-section-height-default\" data-id=\"f8e64ea\" data-element_type=\"section\">\n\t\t\t\t\t\t<div class=\"elementor-container elementor-column-gap-default\">\n\t\t\t\t\t<div class=\"elementor-column elementor-col-100 elementor-top-column elementor-element elementor-element-9bbfc8e\" data-id=\"9bbfc8e\" data-element_type=\"column\">\n\t\t\t<div class=\"elementor-widget-wrap elementor-element-populated\">\n\t\t\t\t\t\t<div class=\"elementor-element elementor-element-b034b69 elementor-widget elementor-widget-heading\" data-id=\"b034b69\" data-element_type=\"widget\" data-widget_type=\"heading.default\">\n\t\t\t\t\t<h2 class=\"elementor-heading-title elementor-size-large\">Pol\u00edtica De Cancelamento De Assinatura<\/h2>\t\t\t\t<\/div>\n\t\t\t\t<div class=\"elementor-element elementor-element-dae06b6 elementor-widget-divider--view-line elementor-widget elementor-widget-divider\" data-id=\"dae06b6\" data-element_type=\"widget\" data-widget_type=\"divider.default\">\n\t\t\t\t\t\t\t<div class=\"elementor-divider\">\n\t\t\t<span class=\"elementor-divider-separator\">\n\t\t\t\t\t\t<\/span>\n\t\t<\/div>\n\t\t\t\t\t\t<\/div>\n\t\t\t\t\t<\/div>\n\t\t<\/div>\n\t\t\t\t\t<\/div>\n\t\t<\/section>\n\t\t\t\t<section class=\"elementor-section elementor-top-section elementor-element elementor-element-b681fe2 elementor-section-boxed elementor-section-height-default elementor-section-height-default\" data-id=\"b681fe2\" data-element_type=\"section\">\n\t\t\t\t\t\t<div class=\"elementor-container elementor-column-gap-default\">\n\t\t\t\t\t<div class=\"elementor-column elementor-col-100 elementor-top-column elementor-element elementor-element-47724f8\" data-id=\"47724f8\" data-element_type=\"column\">\n\t\t\t<div class=\"elementor-widget-wrap elementor-element-populated\">\n\t\t\t\t\t\t<div class=\"elementor-element elementor-element-abe490b elementor-widget elementor-widget-text-editor\" data-id=\"abe490b\" data-element_type=\"widget\" data-widget_type=\"text-editor.default\">\n\t\t\t\t\t\t\t\t\t<div class=\"elementor-element elementor-element-7e83995 elementor-widget elementor-widget-text-editor\" data-id=\"7e83995\" data-element_type=\"widget\" data-widget_type=\"text-editor.default\"><div class=\"elementor-widget-container\"><div class=\"elementor-text-editor elementor-clearfix\"><p><span><span class=\"\">Ap\u00f3s o per\u00edodo de avalia\u00e7\u00e3o, voc\u00ea ser\u00e1 automaticamente cobrado mensalmente.\u00a0<\/span>Voc\u00ea pode cancelar sua assinatura a qualquer momento.\u00a0Voc\u00ea \u00e9 respons\u00e1vel pela taxa total de assinatura no ciclo de faturamento mensal em que voc\u00ea cancela.\u00a0Assim que sua conta for faturada, todas as vendas ser\u00e3o definitivas e n\u00e3o haver\u00e1 reembolso.<\/span><\/p><p>\u00a0<\/p><\/div><\/div><\/div><div class=\"elementor-element elementor-element-c48e441 elementor-widget elementor-widget-heading\" data-id=\"c48e441\" data-element_type=\"widget\" data-widget_type=\"heading.default\"><div class=\"elementor-widget-container\"><h3 class=\"elementor-heading-title elementor-size-default\"><span style=\"color: #000000;\">Como Cancelar<\/span><\/h3><p>\u00a0<\/p><\/div><\/div><div class=\"elementor-element elementor-element-3322422 elementor-widget elementor-widget-text-editor\" data-id=\"3322422\" data-element_type=\"widget\" data-widget_type=\"text-editor.default\"><div class=\"elementor-widget-container\"><div class=\"elementor-text-editor elementor-clearfix\"><p><span>V\u00e1 para Gerenciar assinatura na parte inferior do site, clique em\u00a0<\/span><strong><span>\u201cAssinatura\u201d e<\/span><\/strong><span>\u00a0, em seguida, clique no\u00a0link\u00a0<\/span><strong><span>\u201cCancelar\u201d<\/span><\/strong><span>\u00a0.\u00a0Certifique-se de continuar processando seu cancelamento at\u00e9 receber a p\u00e1gina de confirma\u00e7\u00e3o final, sua assinatura n\u00e3o ser\u00e1 cancelada at\u00e9 que voc\u00ea tenha alcan\u00e7ado esta p\u00e1gina.<\/span><\/p><p>\u00a0<\/p><\/div><\/div><\/div><div class=\"elementor-element elementor-element-6f15bd2 elementor-widget elementor-widget-heading\" data-id=\"6f15bd2\" data-element_type=\"widget\" data-widget_type=\"heading.default\"><div class=\"elementor-widget-container\"><h3 class=\"elementor-heading-title elementor-size-default\"><span>Outras Op\u00e7\u00f5es De Cancelamento<\/span><\/h3><p>\u00a0<\/p><\/div><\/div><div class=\"elementor-element elementor-element-8929c71 elementor-widget elementor-widget-heading\" data-id=\"8929c71\" data-element_type=\"widget\" data-widget_type=\"heading.default\"><div class=\"elementor-widget-container\"><h4 class=\"elementor-heading-title elementor-size-default\"><span style=\"color: #0170b9;\">CONECTADOS<\/span><\/h4><p>\u00a0<\/p><\/div><\/div><div class=\"elementor-element elementor-element-4992180 elementor-widget elementor-widget-text-editor\" data-id=\"4992180\" data-element_type=\"widget\" data-widget_type=\"text-editor.default\"><div class=\"elementor-widget-container\"><div class=\"elementor-text-editor elementor-clearfix\"><p><span>V\u00e1 para\u00a0<\/span><a href=\"https:\/\/www.ascendeducation.com\/pt-br\/minha-conta\/\"><span>Gerenciar Assinatura<\/span><\/a><span>\u00a0, clique em\u00a0<\/span><strong><span>\u201cAssinatura\u201d e<\/span><\/strong><span>\u00a0, em seguida, clique no\u00a0link\u00a0<\/span><strong><span>\u201cCancelar\u201d<\/span><\/strong><span>\u00a0.\u00a0Continue processando seu cancelamento at\u00e9 receber a p\u00e1gina de confirma\u00e7\u00e3o final, sua assinatura n\u00e3o ser\u00e1 cancelada at\u00e9 que voc\u00ea tenha alcan\u00e7ado esta p\u00e1gina.<\/span><\/p><p>\u00a0<\/p><\/div><\/div><\/div><div class=\"elementor-element elementor-element-b30fc1a elementor-widget elementor-widget-heading\" data-id=\"b30fc1a\" data-element_type=\"widget\" data-widget_type=\"heading.default\"><div class=\"elementor-widget-container\"><h4 class=\"elementor-heading-title elementor-size-default\"><span style=\"color: #0170b9;\">ENVIA-NOS UM EMAIL<\/span><\/h4><p>\u00a0<\/p><\/div><\/div><div class=\"elementor-element elementor-element-58defd3 elementor-widget elementor-widget-text-editor\" data-id=\"58defd3\" data-element_type=\"widget\" data-widget_type=\"text-editor.default\"><div class=\"elementor-widget-container\"><div class=\"elementor-text-editor elementor-clearfix\"><p><span>Envie um e-mail para <\/span><a href=\"mailto:sales@ascendeducation.com\"><span>sales@ascendeducation.com<\/span><\/a><span>\u00a0\u00a0com o seguinte assunto:\u00a0<\/span><strong><span>Cancelar conta # [insira o nome e o sobrenome aqui]<\/span><\/strong><span>\u00a0.\u00a0Responderemos aos seus e-mails o mais r\u00e1pido poss\u00edvel, mas leve em considera\u00e7\u00e3o o hor\u00e1rio de expediente.<\/span><\/p><p>\u00a0<\/p><\/div><\/div><\/div><div class=\"elementor-element elementor-element-5fb10d4 elementor-widget elementor-widget-heading\" data-id=\"5fb10d4\" data-element_type=\"widget\" data-widget_type=\"heading.default\"><div class=\"elementor-widget-container\"><h4 class=\"elementor-heading-title elementor-size-default\"><span style=\"color: #0170b9;\">BATE-PAPO ONLINE<\/span><\/h4><p>\u00a0<\/p><\/div><\/div><div class=\"elementor-element elementor-element-2c6d787 elementor-widget elementor-widget-text-editor\" data-id=\"2c6d787\" data-element_type=\"widget\" data-widget_type=\"text-editor.default\"><div class=\"elementor-widget-container\"><div class=\"elementor-text-editor elementor-clearfix\"><p><span>Nosso chat de suporte ao vivo est\u00e1 dispon\u00edvel de segunda a sexta, das 8h \u00e0s 17h, hor\u00e1rio das montanhas.<\/span><\/p><p>\u00a0<\/p><\/div><\/div><\/div><div class=\"elementor-element elementor-element-6dac0d9 elementor-widget elementor-widget-heading\" data-id=\"6dac0d9\" data-element_type=\"widget\" data-widget_type=\"heading.default\"><div class=\"elementor-widget-container\"><h4 class=\"elementor-heading-title elementor-size-default\"><span style=\"color: #0170b9;\">LIGUE PARA N\u00d3S<\/span><\/h4><p>\u00a0<\/p><\/div><\/div><div class=\"elementor-element elementor-element-1d53d0a elementor-widget elementor-widget-text-editor\" data-id=\"1d53d0a\" data-element_type=\"widget\" data-widget_type=\"text-editor.default\"><div class=\"elementor-widget-container\"><div class=\"elementor-text-editor elementor-clearfix\"><p><span>Ligue para (385) 482-0821.\u00a0Estamos dispon\u00edveis de segunda a sexta, das 9h \u00e0s 17h, hor\u00e1rio das montanhas.<\/span><\/p><p>\u00a0<\/p><\/div><\/div><\/div><div class=\"elementor-element elementor-element-b038e75 elementor-widget elementor-widget-heading\" data-id=\"b038e75\" data-element_type=\"widget\" data-widget_type=\"heading.default\"><div class=\"elementor-widget-container\"><h4 class=\"elementor-heading-title elementor-size-default\"><span style=\"color: #0170b9;\">CORREIO DE VOZ<\/span><\/h4><p>\u00a0<\/p><\/div><\/div><div class=\"elementor-element elementor-element-10e8d9e elementor-widget elementor-widget-text-editor\" data-id=\"10e8d9e\" data-element_type=\"widget\" data-widget_type=\"text-editor.default\"><div class=\"elementor-widget-container\"><div class=\"elementor-text-editor elementor-clearfix\"><p><span>Deixe uma mensagem com o nome da conta que voc\u00ea gostaria de cancelar.<\/span><\/p><\/div><\/div><\/div>\t\t\t\t\t\t\t\t<\/div>\n\t\t\t\t\t<\/div>\n\t\t<\/div>\n\t\t\t\t\t<\/div>\n\t\t<\/section>\n\t\t\t\t<\/div>\n\t\t","protected":false},"excerpt":{"rendered":"<p>Pol\u00edtica De Cancelamento De Assinatura Ap\u00f3s o per\u00edodo de avalia\u00e7\u00e3o, voc\u00ea ser\u00e1 automaticamente cobrado mensalmente.\u00a0Voc\u00ea pode cancelar sua assinatura a qualquer momento.\u00a0Voc\u00ea \u00e9 respons\u00e1vel pela taxa total de assinatura no ciclo de faturamento mensal em que voc\u00ea cancela.\u00a0Assim que sua conta for faturada, todas as vendas ser\u00e3o definitivas e n\u00e3o haver\u00e1 reembolso. \u00a0 Como Cancelar&hellip;<\/p>\n","protected":false},"author":1,"featured_media":0,"parent":0,"menu_order":99,"comment_status":"closed","ping_status":"closed","template":"elementor_header_footer","meta":{"_monsterinsights_skip_tracking":false,"_monsterinsights_sitenote_active":false,"_monsterinsights_sitenote_note":"","_monsterinsights_sitenote_category":0,"_joinchat":[],"footnotes":""},"class_list":["post-6812","page","type-page","status-publish","hentry"],"yoast_head":"<!-- This site is optimized with the Yoast SEO plugin v25.2 - https:\/\/yoast.com\/wordpress\/plugins\/seo\/ -->\n<title>Pol\u00edtica De Cancelamento De Assinatura - Ascend Education<\/title>\n<meta name=\"robots\" content=\"index, follow, max-snippet:-1, max-image-preview:large, max-video-preview:-1\" \/>\n<link rel=\"canonical\" href=\"https:\/\/ascendeducation.com\/pt-br\/politica-de-cancelamento-de-assinatura\/\" \/>\n<meta property=\"og:locale\" content=\"en_US\" \/>\n<meta property=\"og:type\" content=\"article\" \/>\n<meta property=\"og:title\" content=\"Pol\u00edtica De Cancelamento De Assinatura - Ascend Education\" \/>\n<meta property=\"og:description\" content=\"Pol\u00edtica De Cancelamento De Assinatura Ap\u00f3s o per\u00edodo de avalia\u00e7\u00e3o, voc\u00ea ser\u00e1 automaticamente cobrado mensalmente.\u00a0Voc\u00ea pode cancelar sua assinatura a qualquer momento.\u00a0Voc\u00ea \u00e9 respons\u00e1vel pela taxa total de assinatura no ciclo de faturamento mensal em que voc\u00ea cancela.\u00a0Assim que sua conta for faturada, todas as vendas ser\u00e3o definitivas e n\u00e3o haver\u00e1 reembolso. \u00a0 Como Cancelar&hellip;\" \/>\n<meta property=\"og:url\" content=\"https:\/\/ascendeducation.com\/pt-br\/politica-de-cancelamento-de-assinatura\/\" \/>\n<meta property=\"og:site_name\" content=\"Ascend Education\" \/>\n<meta property=\"article:modified_time\" content=\"2021-11-15T17:33:55+00:00\" \/>\n<meta name=\"twitter:card\" content=\"summary_large_image\" \/>\n<meta name=\"twitter:label1\" content=\"Est. reading time\" \/>\n\t<meta name=\"twitter:data1\" content=\"1 minute\" \/>\n<script type=\"application\/ld+json\" class=\"yoast-schema-graph\">{\"@context\":\"https:\/\/schema.org\",\"@graph\":[{\"@type\":\"WebPage\",\"@id\":\"https:\/\/ascendeducation.com\/pt-br\/politica-de-cancelamento-de-assinatura\/\",\"url\":\"https:\/\/ascendeducation.com\/pt-br\/politica-de-cancelamento-de-assinatura\/\",\"name\":\"Pol\u00edtica De Cancelamento De Assinatura - Ascend Education\",\"isPartOf\":{\"@id\":\"https:\/\/ascendeducation.com\/pt-br\/#website\"},\"datePublished\":\"2021-11-15T17:29:40+00:00\",\"dateModified\":\"2021-11-15T17:33:55+00:00\",\"breadcrumb\":{\"@id\":\"https:\/\/ascendeducation.com\/pt-br\/politica-de-cancelamento-de-assinatura\/#breadcrumb\"},\"inLanguage\":\"en-US\",\"potentialAction\":[{\"@type\":\"ReadAction\",\"target\":[\"https:\/\/ascendeducation.com\/pt-br\/politica-de-cancelamento-de-assinatura\/\"]}]},{\"@type\":\"BreadcrumbList\",\"@id\":\"https:\/\/ascendeducation.com\/pt-br\/politica-de-cancelamento-de-assinatura\/#breadcrumb\",\"itemListElement\":[{\"@type\":\"ListItem\",\"position\":1,\"name\":\"In\u00edcio\",\"item\":\"https:\/\/ascendeducation.com\/pt-br\/\"},{\"@type\":\"ListItem\",\"position\":2,\"name\":\"Pol\u00edtica De Cancelamento De Assinatura\"}]},{\"@type\":\"WebSite\",\"@id\":\"https:\/\/ascendeducation.com\/pt-br\/#website\",\"url\":\"https:\/\/ascendeducation.com\/pt-br\/\",\"name\":\"Ascend Education\",\"description\":\"Brasil\",\"publisher\":{\"@id\":\"https:\/\/ascendeducation.com\/pt-br\/#organization\"},\"potentialAction\":[{\"@type\":\"SearchAction\",\"target\":{\"@type\":\"EntryPoint\",\"urlTemplate\":\"https:\/\/ascendeducation.com\/pt-br\/?s={search_term_string}\"},\"query-input\":{\"@type\":\"PropertyValueSpecification\",\"valueRequired\":true,\"valueName\":\"search_term_string\"}}],\"inLanguage\":\"en-US\"},{\"@type\":\"Organization\",\"@id\":\"https:\/\/ascendeducation.com\/pt-br\/#organization\",\"name\":\"Ascend Education\",\"url\":\"https:\/\/ascendeducation.com\/pt-br\/\",\"logo\":{\"@type\":\"ImageObject\",\"inLanguage\":\"en-US\",\"@id\":\"https:\/\/ascendeducation.com\/pt-br\/#\/schema\/logo\/image\/\",\"url\":\"https:\/\/www.ascendeducation.com\/pt-br\/wp-content\/uploads\/2021\/09\/AscendEducation-logo.png\",\"contentUrl\":\"https:\/\/www.ascendeducation.com\/pt-br\/wp-content\/uploads\/2021\/09\/AscendEducation-logo.png\",\"width\":1377,\"height\":500,\"caption\":\"Ascend Education\"},\"image\":{\"@id\":\"https:\/\/ascendeducation.com\/pt-br\/#\/schema\/logo\/image\/\"}}]}<\/script>\n<!-- \/ Yoast SEO plugin. -->","yoast_head_json":{"title":"Pol\u00edtica De Cancelamento De Assinatura - Ascend Education","robots":{"index":"index","follow":"follow","max-snippet":"max-snippet:-1","max-image-preview":"max-image-preview:large","max-video-preview":"max-video-preview:-1"},"canonical":"https:\/\/ascendeducation.com\/pt-br\/politica-de-cancelamento-de-assinatura\/","og_locale":"en_US","og_type":"article","og_title":"Pol\u00edtica De Cancelamento De Assinatura - Ascend Education","og_description":"Pol\u00edtica De Cancelamento De Assinatura Ap\u00f3s o per\u00edodo de avalia\u00e7\u00e3o, voc\u00ea ser\u00e1 automaticamente cobrado mensalmente.\u00a0Voc\u00ea pode cancelar sua assinatura a qualquer momento.\u00a0Voc\u00ea \u00e9 respons\u00e1vel pela taxa total de assinatura no ciclo de faturamento mensal em que voc\u00ea cancela.\u00a0Assim que sua conta for faturada, todas as vendas ser\u00e3o definitivas e n\u00e3o haver\u00e1 reembolso. \u00a0 Como Cancelar&hellip;","og_url":"https:\/\/ascendeducation.com\/pt-br\/politica-de-cancelamento-de-assinatura\/","og_site_name":"Ascend Education","article_modified_time":"2021-11-15T17:33:55+00:00","twitter_card":"summary_large_image","twitter_misc":{"Est. reading time":"1 minute"},"schema":{"@context":"https:\/\/schema.org","@graph":[{"@type":"WebPage","@id":"https:\/\/ascendeducation.com\/pt-br\/politica-de-cancelamento-de-assinatura\/","url":"https:\/\/ascendeducation.com\/pt-br\/politica-de-cancelamento-de-assinatura\/","name":"Pol\u00edtica De Cancelamento De Assinatura - Ascend Education","isPartOf":{"@id":"https:\/\/ascendeducation.com\/pt-br\/#website"},"datePublished":"2021-11-15T17:29:40+00:00","dateModified":"2021-11-15T17:33:55+00:00","breadcrumb":{"@id":"https:\/\/ascendeducation.com\/pt-br\/politica-de-cancelamento-de-assinatura\/#breadcrumb"},"inLanguage":"en-US","potentialAction":[{"@type":"ReadAction","target":["https:\/\/ascendeducation.com\/pt-br\/politica-de-cancelamento-de-assinatura\/"]}]},{"@type":"BreadcrumbList","@id":"https:\/\/ascendeducation.com\/pt-br\/politica-de-cancelamento-de-assinatura\/#breadcrumb","itemListElement":[{"@type":"ListItem","position":1,"name":"In\u00edcio","item":"https:\/\/ascendeducation.com\/pt-br\/"},{"@type":"ListItem","position":2,"name":"Pol\u00edtica De Cancelamento De Assinatura"}]},{"@type":"WebSite","@id":"https:\/\/ascendeducation.com\/pt-br\/#website","url":"https:\/\/ascendeducation.com\/pt-br\/","name":"Ascend Education","description":"Brasil","publisher":{"@id":"https:\/\/ascendeducation.com\/pt-br\/#organization"},"potentialAction":[{"@type":"SearchAction","target":{"@type":"EntryPoint","urlTemplate":"https:\/\/ascendeducation.com\/pt-br\/?s={search_term_string}"},"query-input":{"@type":"PropertyValueSpecification","valueRequired":true,"valueName":"search_term_string"}}],"inLanguage":"en-US"},{"@type":"Organization","@id":"https:\/\/ascendeducation.com\/pt-br\/#organization","name":"Ascend Education","url":"https:\/\/ascendeducation.com\/pt-br\/","logo":{"@type":"ImageObject","inLanguage":"en-US","@id":"https:\/\/ascendeducation.com\/pt-br\/#\/schema\/logo\/image\/","url":"https:\/\/www.ascendeducation.com\/pt-br\/wp-content\/uploads\/2021\/09\/AscendEducation-logo.png","contentUrl":"https:\/\/www.ascendeducation.com\/pt-br\/wp-content\/uploads\/2021\/09\/AscendEducation-logo.png","width":1377,"height":500,"caption":"Ascend Education"},"image":{"@id":"https:\/\/ascendeducation.com\/pt-br\/#\/schema\/logo\/image\/"}}]}},"_links":{"self":[{"href":"https:\/\/ascendeducation.com\/pt-br\/wp-json\/wp\/v2\/pages\/6812","targetHints":{"allow":["GET"]}}],"collection":[{"href":"https:\/\/ascendeducation.com\/pt-br\/wp-json\/wp\/v2\/pages"}],"about":[{"href":"https:\/\/ascendeducation.com\/pt-br\/wp-json\/wp\/v2\/types\/page"}],"author":[{"embeddable":true,"href":"https:\/\/ascendeducation.com\/pt-br\/wp-json\/wp\/v2\/users\/1"}],"replies":[{"embeddable":true,"href":"https:\/\/ascendeducation.com\/pt-br\/wp-json\/wp\/v2\/comments?post=6812"}],"version-history":[{"count":8,"href":"https:\/\/ascendeducation.com\/pt-br\/wp-json\/wp\/v2\/pages\/6812\/revisions"}],"predecessor-version":[{"id":6840,"href":"https:\/\/ascendeducation.com\/pt-br\/wp-json\/wp\/v2\/pages\/6812\/revisions\/6840"}],"wp:attachment":[{"href":"https:\/\/ascendeducation.com\/pt-br\/wp-json\/wp\/v2\/media?parent=6812"}],"curies":[{"name":"wp","href":"https:\/\/api.w.org\/{rel}","templated":true}]}}